{"id":1760,"date":"2018-06-13T15:18:30","date_gmt":"2018-06-13T14:18:30","guid":{"rendered":"https:\/\/pohorec.com\/krallerhof\/"},"modified":"2022-09-30T15:27:28","modified_gmt":"2022-09-30T14:27:28","slug":"krallerhof","status":"publish","type":"page","link":"https:\/\/pohorec.com\/en\/krallerhof\/","title":{"rendered":"Krallerhof"},"content":{"rendered":"<p>Krallerhof<\/p>\n<p>www.krallerhof.com<\/p>\n<p>Krallerhof<\/p>\n<p>&#8220;Simply the best\u201c ist das Leitmotiv und gleichsam selbstauferlegter Anspruch des Wellnesshotels \u201eDer Krallerhof\u201c in Leogang. Diese \u2013 der Perfektion verschriebene Motivation jeden Tag Menschen neu zu begeistern und als G\u00e4ste zu verzaubern \u2013 verbindet das Haus mit Pohorec \u2013 sensory experience.<\/p>\n<p>Als Teil der Best Alpine Wellness Hotels, geh\u00f6rt \u201eDer Krallerhof\u201c zu den besten und innovativsten H\u00e4usern, die der Alpenraum zu bieten hat. Pohorec \u2013 sensory experience implementiert als Consultant und externer Sensorikberater ganzheitliche Konzepte f\u00fcr das Haus, kuratiert gemeinsam mit K\u00fcnstlern wie Hermann Nitsch und Ty Waltinger multisensorische Erlebnisse sowie au\u00dfergew\u00f6hnliche Momente von besonderem Genuss, progressiver Kunst und kultureller Highlights.\n<\/p>\n<p><!-- {\"name\":\"\",\"type\":\"layout\",\"children\":[{\"name\":\"Details\",\"type\":\"section\",\"props\":{\"width\":\"default\",\"padding\":\"\",\"style\":\"default\",\"header_overlay\":\"\",\"animation\":\"\",\"image_size\":\"cover\",\"padding_remove_bottom\":false,\"vertical_align\":\"middle\",\"title_position\":\"top-left\",\"title_rotation\":\"left\",\"title_breakpoint\":\"xl\",\"image_position\":\"center-center\"},\"children\":[{\"name\":\"\",\"type\":\"row\",\"props\":{\"layout\":\"3-4,\",\"gutter\":\"large\",\"breakpoint\":\"m\",\"fixed_width\":\"large\",\"margin\":\"large\"},\"children\":[{\"name\":\"\",\"type\":\"column\",\"props\":{\"widths\":[\"3-4\"],\"image_position\":\"center-center\"},\"children\":[{\"name\":\"\",\"type\":\"image\",\"props\":{\"image_border\":\"\",\"inline_align\":\"right\",\"margin\":\"default\",\"animation\":\"\",\"visibility\":\"\",\"image\":\"wp-content\\\/uploads\\\/Khof-Sommer.jpg\",\"image_alt\":\"\",\"image_width\":\"960\"}}]},{\"name\":\"\",\"type\":\"column\",\"props\":{\"widths\":[\"\"],\"image_position\":\"center-center\"},\"children\":[{\"name\":\"\",\"type\":\"headline\",\"props\":{\"title_element\":\"h1\",\"title_style\":\"h4\",\"title_decoration\":\"line\",\"text_align\":\"\",\"text_align_breakpoint\":\"\",\"text_align_fallback\":\"\",\"maxwidth\":\"\",\"maxwidth_align\":\"\",\"margin\":\"\",\"animation\":\"\",\"visibility\":\"\",\"content\":\"Krallerhof\"}},{\"name\":\"\",\"type\":\"button\",\"props\":{\"gutter\":\"small\",\"margin\":\"default\"},\"children\":[{\"name\":\"\",\"type\":\"button_item\",\"props\":{\"button_style\":\"text\",\"content\":\"www.krallerhof.com\",\"link\":\"https:\\\/\\\/www.krallerhof.com\\\/de\\\/\",\"link_title\":\"Fridays\",\"icon_align\":\"left\"}}]}]}]},{\"name\":\"\",\"type\":\"row\",\"props\":{\"layout\":\",1-2,|1-2,1-1,1-2\",\"gutter\":\"\",\"breakpoint\":\"m\",\"vertical_align\":false,\"margin\":\"\",\"fixed_width\":\"large\"},\"children\":[{\"name\":\"\",\"type\":\"column\",\"props\":{\"widths\":[\"\",\"1-2\"],\"image_position\":\"center-center\"},\"children\":[{\"name\":\"\",\"type\":\"headline\",\"props\":{\"title_element\":\"h2\",\"title_style\":\"h3\",\"title_decoration\":\"\",\"text_align\":\"\",\"text_align_breakpoint\":\"\",\"text_align_fallback\":\"\",\"maxwidth\":\"\",\"maxwidth_align\":\"\",\"margin\":\"\",\"animation\":\"\",\"visibility\":\"\",\"content\":\"Krallerhof\",\"margin_remove_bottom\":true}}]},{\"name\":\"\",\"type\":\"column\",\"props\":{\"widths\":[\"1-2\",\"1-1\"],\"image_position\":\"center-center\"},\"children\":[{\"name\":\"\",\"type\":\"text\",\"props\":{\"column\":\"\",\"column_breakpoint\":\"m\",\"text_style\":\"\",\"text_align\":\"\",\"text_align_breakpoint\":\"\",\"text_align_fallback\":\"\",\"maxwidth\":\"\",\"maxwidth_align\":\"\",\"margin\":\"medium\",\"animation\":\"\",\"visibility\":\"\",\"text_color\":\"\",\"text_size\":\"\",\"content\":\"\\\"Simply the best\\u201c ist das Leitmotiv und gleichsam selbstauferlegter Anspruch des Wellnesshotels \\u201eDer Krallerhof\\u201c in Leogang. Diese \\u2013 der Perfektion verschriebene Motivation jeden Tag Menschen neu zu begeistern und als G\\u00e4ste zu verzaubern \\u2013 verbindet das Haus mit Pohorec \\u2013 sensory experience.\"}}]},{\"name\":\"\",\"type\":\"column\",\"props\":{\"widths\":[\"\",\"1-2\"],\"image_position\":\"center-center\"}}]},{\"name\":\"\",\"type\":\"row\",\"props\":{\"fixed_width\":\"large\",\"breakpoint\":\"m\",\"layout\":\",1-2,|1-2,1-1,1-2\",\"gutter\":\"\",\"margin\":\"medium\"},\"children\":[{\"name\":\"\",\"type\":\"column\",\"props\":{\"widths\":[\"\",\"1-2\"],\"image_position\":\"center-center\"}},{\"name\":\"\",\"type\":\"column\",\"props\":{\"widths\":[\"1-2\",\"1-1\"],\"image_position\":\"center-center\"},\"children\":[{\"name\":\"\",\"type\":\"text\",\"props\":{\"column\":\"\",\"column_breakpoint\":\"m\",\"text_style\":\"\",\"text_align\":\"\",\"text_align_breakpoint\":\"\",\"text_align_fallback\":\"\",\"maxwidth\":\"\",\"maxwidth_align\":\"\",\"margin\":\"medium\",\"animation\":\"\",\"visibility\":\"\",\"text_color\":\"\",\"text_size\":\"\",\"content\":\"Als Teil der Best Alpine Wellness Hotels, geh\\u00f6rt \\u201eDer Krallerhof\\u201c zu den besten und innovativsten H\\u00e4usern, die der Alpenraum zu bieten hat. Pohorec \\u2013 sensory experience implementiert als Consultant und externer Sensorikberater ganzheitliche Konzepte f\\u00fcr das Haus, kuratiert gemeinsam mit K\\u00fcnstlern wie Hermann Nitsch und Ty Waltinger multisensorische Erlebnisse sowie au\\u00dfergew\\u00f6hnliche Momente von besonderem Genuss, progressiver Kunst und kultureller Highlights.\\n\"}}]},{\"name\":\"\",\"type\":\"column\",\"props\":{\"widths\":[\"\",\"1-2\"],\"image_position\":\"center-center\"}}]},{\"name\":\"\",\"type\":\"row\",\"props\":{\"layout\":\"3-4,\",\"gutter\":\"\",\"breakpoint\":\"m\",\"fixed_width\":\"large\",\"margin\":\"large\"},\"children\":[{\"name\":\"\",\"type\":\"column\",\"props\":{\"widths\":[\"3-4\"],\"image_position\":\"center-center\"},\"children\":[{\"name\":\"\",\"type\":\"image\",\"props\":{\"image_border\":\"\",\"inline_align\":\"center\",\"margin\":\"\",\"animation\":\"\",\"visibility\":\"\",\"image\":\"wp-content\\\/uploads\\\/334-Familienzimmer-Schiller_1.jpg\",\"image_alt\":\"\",\"image_width\":\"960\"}},{\"name\":\"\",\"type\":\"image\",\"props\":{\"image_border\":\"\",\"inline_align\":\"right\",\"margin\":\"default\",\"animation\":\"\",\"visibility\":\"\",\"image\":\"wp-content\\\/uploads\\\/ZigarrenSalon.jpg\",\"image_alt\":\"\",\"image_width\":\"960\"}}]},{\"name\":\"\",\"type\":\"column\",\"props\":{\"widths\":[\"\"],\"image_position\":\"center-center\"}}]}]},{\"name\":\"Share this style\",\"type\":\"section\",\"props\":{\"style\":\"default\",\"width\":\"default\",\"image_size\":\"cover\",\"padding_remove_top\":true,\"vertical_align\":\"middle\",\"title_position\":\"top-left\",\"title_rotation\":\"left\",\"title_breakpoint\":\"xl\",\"image_position\":\"center-center\"},\"children\":[{\"name\":\"\",\"type\":\"row\",\"props\":{\"fixed_width\":\"large\",\"breakpoint\":\"m\",\"layout\":\"3-4,\"},\"children\":[{\"name\":\"\",\"type\":\"column\",\"props\":{\"widths\":[\"3-4\"],\"image_position\":\"center-center\"},\"children\":[{\"name\":\"\",\"type\":\"divider\",\"props\":{\"divider_element\":\"hr\"}}]},{\"name\":\"\",\"type\":\"column\",\"props\":{\"widths\":[\"\"],\"image_position\":\"center-center\"}}]}]}]} --><\/p>\n","protected":false},"excerpt":{"rendered":"<p>Krallerhof www.krallerhof.com Krallerhof &#8220;Simply the best\u201c ist das Leitmotiv und gleichsam selbstauferlegter Anspruch des Wellnesshotels \u201eDer Krallerhof\u201c in Leogang. Diese \u2013 der Perfektion verschriebene Motivation jeden Tag Menschen neu zu begeistern und als G\u00e4ste zu verzaubern \u2013 verbindet das Haus mit Pohorec \u2013 sensory experience. Als Teil der Best Alpine Wellness Hotels, geh\u00f6rt \u201eDer Krallerhof\u201c [&hellip;]<\/p>\n","protected":false},"author":1,"featured_media":0,"parent":0,"menu_order":0,"comment_status":"closed","ping_status":"closed","template":"","meta":{"footnotes":""},"class_list":["post-1760","page","type-page","status-publish","hentry"],"_links":{"self":[{"href":"https:\/\/pohorec.com\/en\/wp-json\/wp\/v2\/pages\/1760","targetHints":{"allow":["GET"]}}],"collection":[{"href":"https:\/\/pohorec.com\/en\/wp-json\/wp\/v2\/pages"}],"about":[{"href":"https:\/\/pohorec.com\/en\/wp-json\/wp\/v2\/types\/page"}],"author":[{"embeddable":true,"href":"https:\/\/pohorec.com\/en\/wp-json\/wp\/v2\/users\/1"}],"replies":[{"embeddable":true,"href":"https:\/\/pohorec.com\/en\/wp-json\/wp\/v2\/comments?post=1760"}],"version-history":[{"count":2,"href":"https:\/\/pohorec.com\/en\/wp-json\/wp\/v2\/pages\/1760\/revisions"}],"predecessor-version":[{"id":2205,"href":"https:\/\/pohorec.com\/en\/wp-json\/wp\/v2\/pages\/1760\/revisions\/2205"}],"wp:attachment":[{"href":"https:\/\/pohorec.com\/en\/wp-json\/wp\/v2\/media?parent=1760"}],"curies":[{"name":"wp","href":"https:\/\/api.w.org\/{rel}","templated":true}]}}